{"id":3584,"date":"2021-07-02T09:07:45","date_gmt":"2021-07-02T07:07:45","guid":{"rendered":"https:\/\/www.baruffaldi.it\/condizioni-di-acquisto\/"},"modified":"2021-07-02T14:48:50","modified_gmt":"2021-07-02T12:48:50","slug":"purchase-terms","status":"publish","type":"page","link":"https:\/\/www.baruffaldi.it\/en\/purchase-terms\/","title":{"rendered":"Purchase Terms"},"content":{"rendered":"<h3>ART.1 PREMESSA<\/h3>\n<p>Le condizioni di seguito riportate sono applicabili ad ogni Contratto salvo che in esso sia fatta espressa deroga con condizioni speciali o singoli Ordini . Ogni modifica o deroga sara\u2019 valida solo se previamente accettata per scritto dall\u2019acquirente.<\/p>\n<h3>ART.2 DEFINIZIONI<\/h3>\n<p>Nel contratto i seguenti termini stanno a significare quanto segue:<\/p>\n<p><span style=\"text-decoration: underline;\">CONDIZIONI GENERALI DI ACQUISTO O CONDIZIONI<\/span>:<br \/>\nsono da intendersi le presenti condizioni.<\/p>\n<p><span style=\"text-decoration: underline;\">CONTRATTO<\/span>: E\u2019 l\u2019insieme dell\u2019Ordine , delle Condizioni Generali di acquisto ,e di tutti i documenti in essi elencati che ne costituiscono parte integrante .Fanno parte del contratto anche le eventuali successive variazioni d\u2019ordine.<\/p>\n<p><span style=\"text-decoration: underline;\">ORDINE<\/span>: definisce gli obblighi ed i diritti tra acquirente e fornitore per la fornitura di prodotti o servizi.<\/p>\n<p><span style=\"text-decoration: underline;\">VARIAZIONE D\u2019ORDINE<\/span>: e \u2019 un addendum scritto all\u2019ordine , emesso dall\u2019acquirente ed accettato dal fornitore con la stessa procedura dell\u2019ordine fatto per introdurre aggiunte ,riduzioni e variazioni al contenuto dello stesso.<\/p>\n<p><span style=\"text-decoration: underline;\">ACQUIRENTE<\/span>: BARUFFALDI S.P.A. ,che emette l\u2019ordine al fornitore per la fornitura dei prodotti e servizi di seguito descritti.<\/p>\n<p><span style=\"text-decoration: underline;\">FORNITORE<\/span>: La societa\u2019 che riceve l\u2019ordine dall\u2019acquirente per la fornitura dei prodotti e servizi descritti nel contratto.<\/p>\n<p><span style=\"text-decoration: underline;\">FORNITURA DI PRODOTTI<\/span>: I prodotti anche complessi , richiesti al fornitore e descritti nel contratto ,che dovranno essere forniti dal fornitore a fronte dell\u2019ordine.<\/p>\n<p><span style=\"text-decoration: underline;\">FORNITURA DI BENI\/SERVIZI<\/span>: Con beni devono intendersi, i materiali, i macchinari, i prodotti o qualsiasi bene mobile oggetto della specifica fornitura ,come espressamente indicato negli ordini. Con servizio devono intendersi le attivit\u00e0 ed i servizi , anche della natura intellettuale , erogati dal fornitore a BARUFFALDI e\/o le opere la cui realizzazione \u00e8 affidata al fornitore a BARUFFALDI.<\/p>\n<p><span style=\"text-decoration: underline;\">CLIENTE FINALE<\/span>: e\u2019 il cliente dell\u2019acquirente.<\/p>\n<p><span style=\"text-decoration: underline;\">CONTRATTO PRINCIPALE<\/span>: E\u2019 il contratto che l\u2019acquirente ha stipulato con il cliente finale.<\/p>\n<h3>ART.3 OBBLIGHI GENERALI DEL FORNITORE<\/h3>\n<p>Il fornitore si impegna a fornire i prodotti e servizi in conformita\u2019 ai termini ,condizioni e prezzi definiti nel contratto. La fornitura dovra\u2019 essere eseguita in stretto accordo alle norme di legge vigenti al momento della consegna e alle prescrizioni contenute nel contratto. In mancanza di una disciplina specifica al riguardo, la fornitura nonche\u2019 ogni operazione ad essa inerente, sara\u2019 eseguita secondo la tecnologia piu\u2019 avanzata e con la migliore diligenza e cura.<\/p>\n<h3>ART.4 CAMPIONATURA DI PRODOTTO<\/h3>\n<p>A seguito dell\u2019accordo economico , il fornitore si impegna, prima della produzione di serie a inviare n\u00b05 pz campione opportunamente segnalati con i certificati di qualita\u2019 e conformita\u2019 del materiale con relativi controlli dimensionali. Stessa procedura si applica anche per un\u2019eventuale prodotto modificato. Baruffaldi si impegna a dare risposta scritta sull\u2019esito della campionatura entro e non oltre 5 giorni lavorativi .(salvo accordo diverso tra le parti)<\/p>\n<h3>ART.4-B CAMPIONATURA CASO CONTO LAVORAZIONE<\/h3>\n<p>A seguito dell\u2019accordo economico, Il fornitore si impegna ,a consegnare i particolari prodotti con proprio processo, con relativo PPAP (Parte della produzione processo di approvazione) dove il fornitore stesso garantira\u2019 con relativi documenti che il processo e\u2019 in grado di produrre pezzi conformi. I fornitori sono tenuti ad ottenere l\u2019approvazione PPAP da parte di BARUFFALDI ogni volta che un componente nuovo o modificato viene introdotto alla produzione ,o il processo produttivo \u00e8 cambiato.<br \/>\nBaruffaldi si impegna a dare risposta su esito campionatura entro e non oltre i 5 giorni lavorativi.(salvo diverso accordo tra le parti)<\/p>\n<h3>ART.5 MODIFICHE DELLA FORNITURA PRODOTTO E VARIAZIONE D\u2019ORDINE<\/h3>\n<p>Durante l\u2019esecuzione della fornitura ,l\u2019acquirente potra\u2019 modificare la qualita \u2019, quantita\u2019,caratteristiche e\/o la forma dei prodotti e servizi .Tali modifiche dovranno prontamente essere eseguite dal fornitore .Nel caso in cui dette modifiche incidano sui tempi e costi ,il fornitore potra\u2019 avere diritto ad un giusto compenso addizionale e\/o un\u2019estensione del termine di consegna.<br \/>\nE\u2019 onere del fornitore sottoporre all\u2019acquirente una proposta di modifica alla fornitura dettagliando:<br \/>\n-descrizione della modifica e relativo impatto tecnico<br \/>\n-eventuali maggiori costi ,e relative cause<br \/>\n-eventuale impatto temporale sul programma di consegna.<br \/>\nLa mancata presentazione della proposta di modifica entro il termine decadenziale di due settimane dalla<br \/>\nrichiesta di modifica comporta la rinuncia sia all\u2019eventuale compenso addizionale che all\u2019estensione del<br \/>\ntermine di consegna.<br \/>\nPer quanto concerne i materiali in corso di lavorazione ,l\u2019acquirente rimborsera\u2019 al fornitore il solo costo delle materie prime gia\u2019 in lavorazione ed il solo costo del lavoro svolto sino al momento della variazione d\u2019ordine o annullamento ,limitatamente alle spese effettivamente sostenute e documentate ,escludendosi in ogni caso da detto rimborso il mancato guadagno.<br \/>\nPer parte sua il fornitore dovra\u2019 fare tutto quanto in suo potere al fine di ridurre i costi rimborasabili come sopra previsto. Non si fara\u2019 luogo a nessun rimborso o qualsivoglia compenso per le materie prime gia\u2019 approvvigionate ma non ancora poste in lavorazione.<br \/>\nIn caso di mancato accordo tra le parti la determinazione dell\u2019eventuale compenso addizionale e\/o estensione dei tempi sara\u2019 definita secondo le procedure previste dall\u2019articolo \u201dlegge applicabile e foro competente\u201d, senza che il fornitore possa sospendere l\u2019adempimento delle obbligazioni contrattuali ,fatto salvo il diritto dell\u2019acqirente in tal caso a dichiarare risolto il contratto ai sensi dell\u2019art.1456 codice civile.<\/p>\n<h3>ART.5-B FORNITURA DI BENE\/I E SERVIZI<\/h3>\n<p>Il fornitore dichiara e garantisce ,anche ai fini dell\u2019art.26 D.lgs n.81\/2008,di: essere regolarmente iscritto presso la C.C.I.A. della provincia di appartenenza e di possedere i necessari requisiti di idoneit\u00e0 tecnico professionale; disporre dell\u2019organizzazione, sia di mezzi sia di personale, idonea ad adempire puntualmente ed esattamente a tutte le prestazioni oggetto dell\u2019ordine; e di essere titolare di tutti i certificati, nulla osta, licenze, concessioni, permessi, convenzioni, autorizzazioni, cos\u00ec come ogni altro documento comunque denominato, necessario e\/o opportuno per l\u2019esecuzione delle prestazioni oggetto dell\u2019ordine.<br \/>\nIl fornitore si obbliga ad usare nei confronti del proprio personale impiegato in adempimento del servizio e per tutto il periodo per il quale lo stesso \u00e8 addetto al servizio medesimo, un trattamento economico, normativo e previdenziale conforme alle previsioni dei vigenti contratti collettivi di lavoro e relative integrazioni e degli accordi locali integrativi dei medesimi.In particolare, fermo quanto precede, resta inteso che il fornitore sar\u00e0 pienamente responsabile nei confronti dell\u2019acquirente della qualit\u00e0 dei bene\/i e\/o servizi forniti e dell\u2019esatto e puntuale adempimento dell\u2019esecuzione degli ordini e sar\u00e0 altre s\u00ec responsabile anche con riguardo all\u2019operato del proprio personale e\/o di qualunque soggetto di cui si avvalga, a qualsiasi titolo e in qualunque forma e modalit\u00e0\u2019, per e nell\u2019esecuzione dell\u2019ordine.<br \/>\nQualora il bene\/i e\/o il servizio dovessero risultare non regolari e\/o adeguati alle esigenze dell\u2019acquirente , quest\u2019ultimo avr\u00e0 diritto di revocare e\/o annullare l\u2019ordine e in ogni caso risolvere il rapporto ai sensi dell\u2019art. 1456 c.c., salvo il diritto al risarcimento dei danni. Le maggiori spese che l\u2019acquirente dovesse sostenere in dipendenza di quanto sopra saranno addebitate al fornitore , anche deducendole dal corrispettivo complessivo indicato nell\u2019ordine e fatto salvo , in ogni caso , il risarcimento dei danni che l\u2019acquirente dovesse subire.<\/p>\n<h3>ART.6 PREZZI<\/h3>\n<p>Il prezzo comprende ogni e qualsiasi pagamento dovuto per la fornitura. Salvo diversa pattuizione scritta , i prezzi si intendono fissi , invariabili e comprensivi di quanto necessario per la fornitura, indipendentemente dal verificarsi di circostanze di qualsiasi genere anche imprevedibili che incidano sui costi. Resta pertanto espressamente esclusa l\u2019applicazione dell\u2019articolo 1467 Codice Civile e , ove applicabile , dall\u2019articolo 1664 Codice Civile.<\/p>\n<h3>ART.7 CONTROLLO SULLO STATO DELLA FORNITURA<\/h3>\n<p>Il fornitore e\u2019 responsabile della qualita\u2019 e funzionalita\u2019 dei prodotti e dei materiali utilizzati per la loro realizzazione e della relativa rispondenza alle prescrizioni contrattuali di legge.Le caratteristiche dei materiali saranno rigorosamente conformi a disegni, capitolati, norme, tabelle ed altri eventuali documenti tecnici nonche\u2019 campioni definiti nel contratto o che il fornitore mettera\u2019 a disposizione.Il fornitore s\u2019impegna, ove richiesto, ad adottare i piani di controllo e prove, o rapporti di prove e collaudo similari predisposti dall\u2019acquirente, garantendo l\u2019effettuazione di tutte le prove in essi previste, con facolta\u2019 dell\u2019acquirente di richiedere in ogni momento di esibire la documentazione ed i risultati delle prove eseguite. L\u2019acquirente ha diritto di controllare in ogni momento la corretta esecuzione della fornitura, sia nel corso della lavorazione sia succesivamente all\u2019approntamento della merce. A tal fine il fornitore assicurera\u2019 il libero accesso alle proprie sedi e ai propri stabilimenti nonche\u2019 a quelli di eventuali terzi in qualsiasi momento previo congruo preavviso. Qualora l\u2019acquirente constati che l\u2019esecuzione della fornitura non procede secondo le condizioni stabilite nel contratto, l\u2019acquirente puo\u2019 fissare un termine non inferiore alle ventiquattro(24) ore entro il quale il fornitore e\u2019 tenuto a conformarsi alla condizioni predette.<br \/>\nTrascorso inutilmente il termine stabilito, l\u2019acquirente ha il diritto di intervenire direttamente o attraverso terzi, addebitando i relativi oneri al fornitore, ovvero, a sua scelta, di risolvere per intero o parzialmente il contratto e provvedere al completamento dello stesso con mezzi e nelle forme adeguate(in caso di selezione al 100% di pezzi non conformi da parte dell\u2019acquirente i costi saranno interamente addebitati al fornitore), salvo , in ogni caso , il diritto dell\u2019acquirente al risarcimento del danno subito.<br \/>\nE\u2019 fatto salvo in tal caso il diritto dell\u2019acquirente di sospendere i pagamenti ai sensi dell\u2019art.1460 Codice Civile. Le ispezioni o controlli e le eventuali accettazioni provvisorie non sollevano il fornitore della proprie obbligazioni e responsabilita\u2019 contrattuali.L\u2019acquirente si riserva il diritto di rifiutare, mediante comunicazione scritta, in tutto o in parte, la fornitura e di addebitare eventuali maggiori danni qualora la stessa non sia conforme a quanto definito in contratto.<br \/>\nResta inteso che la fornitura riscontrata non conforme dall\u2019acquirente dovra\u2019 essere ritirata dal fornitore a sua esclusiva cura e spese , predisponendo quanto necessario per la ripresa in possesso.<\/p>\n<h3>ART.8 SPEDIZIONI ED IMBALLO<\/h3>\n<p>La fornitura si intende resa presso il luogo indicato nell\u2019ordine; Dovra\u2019 essere spedita in un unico lotto e, salvo diversa indicazione, in modo tale che i prodotti non subiscano alcun danno. Nel caso di forniture di Servizi, i medesimi saranno resi nei modi e nei luoghi indicati nell\u2019ordine. Ogni spedizione e consegna deve essere accompagnata da un documento di trasporto , in regola con la normativa vigente , recante le indicazioni necessarie ad identificare chiaramente l\u2019ordine, il numero e la tipologia dei prodotti in essa contenuti, nonche\u2019 il destinatario. Sara\u2019 facolta\u2019 dell\u2019acquirente respingere ,a spese del fornitore , facendo restituzione al trasportatore od al vettore incaricato, i colli e gli imballaggi pervenuti con dati mancanti, errati, incompleti o chiaramente danneggiati.<\/p>\n<h3>ART.9 DOCUMENTAZIONE TECNICA E RELATIVA APPROVAZIONE<\/h3>\n<p>Il fornitore dovra\u2019 fornire in tempo utile all\u2019acquirente i documenti tecnici come richiesto dalla natura dei prodotti\/servizi specificati nel contratto e dovra\u2019 prontamente ripresentare gli stessi, modificati secondo le richieste di modifica, aggiunta, omissione, fatte dall\u2019acquirente. Detta documentazione tecnica dovra\u2019 essere fornita dal fornitore nel numero di copie e nella lingua richiesti nel contratto. I documenti che l\u2019acquirente consegnera\u2019 al fornitore per l\u2019espletamento della fornitura , rimaranno di esclusiva proprieta\u2019 dell\u2019acquirente. Essi non potranno pertanto essere in alcun modo ceduti , riprodotti o divulgati a terza senza l\u2019autorizzazione dello stesso.<\/p>\n<h3>ART.10 PROPRIETA\u2019 INDUSTRIALE<\/h3>\n<p>Tutti i documenti tecnici trasmessi dall\u2019acquirente al fornitore sono di proprieta\u2019 dell\u2019acquirente ed il fornitore non potra\u2019 farne copia o usarli per scopi diversi da quelli necessari per l\u2019esecuzione del contratto, salvo quando essi siano gia\u2019 pubblicamente conosciuti.I sopra citati documenti dovranno essere restituiti all\u2019acquirente in buone condizioni non appena gli stessi non saranno piu\u2019 necessari al fornitore per l\u2019esecuzione delle obbligazioni previste dal contratto e in ogni caso non oltre il completo adempimento di dette obbligazioni.<br \/>\nIl fornitore si impegna a manlevare l\u2019acquirente e a tenerlo indenne da qualsiasi onere e controversia relativi allo sfruttamento di qualsiasi diritto di proprieta\u2019 intellettuale, quali ad esempio , ma non limitatamente, brevetti, disegni o modelli, marchi, know-how, diritti d\u2019autore, derivanti dall\u2019uso della fornitura da parte dell\u2019acquirente. Il fornitore dichiara espressamente che quanto dallo stesso fornito dell\u2019acquirente non determinera\u2019 violazione di alcun diritto di proprieta\u2019 intellettuale.<\/p>\n<h3>ART.11 GARANZIE<\/h3>\n<p>Il fornitore garantisce espressamente l\u2019assenza di vizi e difetti della fornitura ,nonche\u2019 il buon funzionamento e l\u2019immediata utilizzabilita\u2019 dei prodotti e dei Servizi resi all\u2019acquirente.Il fornitore si impegna,per un periodo di un anno ad iniziare dalla data di accettazione della fornitura da parte dell\u2019acquirente,se non diversamente riportato sull\u2019ordine ,ad eseguire a sua cura e spese ,tutte le modifiche ,riparazioni o sostituzioni che possono essere richieste per correggere errori ,difetti o mancanze ,che possono essere evidenziati dai beni consegnati, sostituendo, ove l\u2019acquirente lo richieda, i beni consegnati con altri rispondenti alla garanzia fornita .In tal caso, se il fornitore non e\u2019 in condizioni di fornire un adeguato rimedio entro un tempo ragionevole o nel termine specificato dall\u2019acquirente ,L\u2019acquirente e\u2019 autorizzato a riparare o sostituire direttamente i prodotti o ad averli riparati o sostituiti da terzi ricaricando la fornitore le spese conseguenti e tutti i danni derivanti.<br \/>\nPer i prodotti o parte di essi riparati o sostituiti inizier\u00e0 ,dal momento della loro rimessa in esercizio, un nuovo periodo di garanzia di Ventiquattro (24) mesi.<br \/>\nLa risoluzione dell\u2019ordine per gli eventi nel medesimo indicati ovvero menzionati nelle presenti Condizioni generali di Acquisto sara\u2019 efficace non appena comunicata al fornitore . In deroga al diverso termine stabilito dall\u2019art.1495 Codice civile ,L\u2019Acquirente potra\u2019 denunciare vizi e difetti della fornitura L\u2019acquirente entro 30 giorni decorrenti, rispettivamente, dalla consegna se palesi o dalla scoperta se occulti. La fornitura che risulti in tutto o in parte , difettosa ,incompleta o non conforme , verra\u2019 trattenuta presso l\u2019acquirente e restera\u2019 a disposizione per una successiva verifica con il fornitore . L\u2019acquirente ha diritto di rifiutare una fornitura parziale ,anche se la prestazione e\u2019 divisibile. Nessuna responsabilita\u2019 derivera\u2019 all\u2019acquirente per eventuali rischi, rotture, guasti, incendi, mancanze o sottrazioni una volta trascorsa la data di ispezione senza che il fornitore abbia provveduto al ritiro.<\/p>\n<h3>ART.12 RISERVATEZZA<\/h3>\n<p>Il fornitore si impegna a mantenere strettamente confidenziale qualsiasi informazione e\/o documentazione<br \/>\nricevuta dall\u2019acquirente. La divulgazione di qualsivoglia informazione\/documentazione a terzi sar\u00e0 consentita soltanto nella misura in cui cio\u2019 sia strettamente necessario all\u2019esecuzione del contratto ovvero per adempire ad un obbligo di legge o regolamentare.Le obbligazioni di cui al presente articolo saranno valide per un periodo di 5 (cinque) anni dalla data di emissione ordine.<\/p>\n<h3>ART.13 PASSAGGIO DI PROPRIETA\u2019<\/h3>\n<p>La proprieta\u2019 della fornitura o di parte di essa si trasferisce dal fornitore all\u2019acquirente al verificarsi del primo tra i seguenti eventi:<br \/>\n1) Pagamento della fornitura o di parte di essa<br \/>\n2) Consegna della fornitura in conformita\u2019 all\u2019ordine.<br \/>\nIl rischio di perimento della fornitura cosi\u2019 come ogni rischio associato alla stessa e\u2019 a carico del fornitore fino all\u2019accettazione da parte dell\u2019acquirente.<\/p>\n<h3><strong>ART.14 FATTURAZIONE<\/strong><\/h3>\n<p>Ogni fattura deve riportare gli estremi dei documenti di consegna ,dell\u2019ordine e dell\u2019istituto di credito presso il quale effettuare i pagamenti .Deve essere in regola con la normativa fiscale e leggi vigenti.<\/p>\n<h3>ART.15 TRATTAMENTI DATI PERSONALI<\/h3>\n<p>Il fornitore e l\u2019acquirente si danno reciprocamente atto , ai sensi e per gli effetti dell\u2019articolo 13 del decreto Legislativo 30 Giugno 2003 n\u00b0196 (codice in materia di dati personali), che i dati personali forniti saranno trattati esclusivamente per il perseguimento della finalita \u2019 contrattuale di cui alla presente scrittura e per l\u2019adempimento dei connessi obblighi di legge , anche di natura fiscale o contabile . Le informazioni saranno trattate sia con metodo di registrazione informatico che manuale ed in ogni caso saranno tenute in ambienti sicuri.I dati e le informazioni trattate potranno essere comunicati a terzi \u2013 operanti anche all\u2019estero \u2013 unicamente per le finalita\u2019 sopra specificate.<\/p>\n<h3>ART.16 CESSIONE CREDITI E CESSIONE ORDINE<\/h3>\n<p>L\u2019esecuzione della fornitura non \u00e8 cedibile. I crediti derivanti al fornitore in esecuzione dell\u2019ordine non possono essere ceduti a terzi in tutto o in parte, neppure sotto forma di mandato all\u2019incasso od altre forme di delega, salva espressa e preventiva autorizzazione scritta dall\u2019acquirente.<br \/>\nNel caso in cui il fornitore richieda con comunicazione scritta all\u2019acquirente di cedere un credito che sorge dall\u2019 ordine ed acquirente dia il proprio consenso scritto, l\u2019atto di cessione, a cura del fornitore, dovr\u00e0 in ogni caso ed a pena di inefficacia essere preventivamente autenticato da notaio e quindi notificato all\u2019acquirente a mezzo di un ufficiale giudiziario.<\/p>\n<h3>ART.17 PENALI<\/h3>\n<p>I termini di consegna previsti nell\u2019ordine si intendono tassativi ed essenziali. Il fornitore \u00e8 tenuto a consegnare i Prodotti\/Servizi entro il termine indicato nell\u2019ordine.<br \/>\nNel caso di eventuali ritardi nelle consegna della fornitura sar\u00e0 dal fornitore dovuta una penale , addebitabile senza che sia necessaria alcuna dimostrazione dei danni subiti dall\u2019acquirente , pari all\u20191% (uno percento) del valore della parte dell\u2019ordine in ritardo per ogni settimana di ritardo , sino ad un massimo del 10% (dieci percento). Salvo ed impregiudicato il diritto al maggior danno ed alla risoluzione del contratto.<\/p>\n<h3>ART.18 RECESSO<\/h3>\n<p>Oltre ai casi di legge e a quelli qui gi\u00e0 previsti, L\u2019acquirente potr\u00e0, in presenza di una procedura concorsuale, o esecutiva a carico del fornitore, cos\u00ec come di mutamenti nella propriet\u00e0 o compagine societaria dello stesso, recedere dal contratto mediante semplice comunicazione scritta con cui dichiara di volersi avvalere della presente clausula, che avra\u2019 efficacia dal giorno della comunicazione del recesso, senz\u2019altro obbligo se non quello di pagare il prezzo delle consegne regolarmente eseguite. Resta inteso che, nel caso in cui sia in corso a carico del fornitore , un procedimento di liquidazione ovvero un processo volto alla dichiarazione di fallimento ovvero altra procedura concorsuale , cosi \u2019 come nel caso di risoluzione o cessazione del rapporto contrattuale per qualsiasi causa imputabile al fornitore , questi e \u2019 tenuta a mettere a disposizione dell\u2019acquirente, ai fini della ultimazione delle prestazioni oggetto dell\u2019ordine, i progetti, i relativi disegni e la documentazione tecnica dalla stesso elaborata, senza diritto ad indennita\u2019 o compensi di sorta.<\/p>\n<h3>ART.19 LEGGE APPLICABILE E FORO COMPETENTE<\/h3>\n<p>Il contratto salvo diversa pattuizione scritta \u00e8 disciplinato dalla legge italiana. Per qualsiasi controversia relativa o comunque connessa all\u2019esistenza, validit\u00e0, interpretazione, efficacia, esecuzione o risoluzione del contratto il foro competente in via esclusiva e\u2019 quello di Milano.<\/p>\n<h3>ART.20 PERSONALE DEL FORNITORE<\/h3>\n<p>Il fornitore deve effettuare la fornitura con personale idoneo, qualitativamente e numericamente, alle necessita\u2019 connesse agli obblighi derivanti dal contratto.<br \/>\nIl fornitore deve provvedere affinche \u2019 il proprio personale rispetti le procedure messe in atto dall\u2019acquirente per il controllo degli accessi. Il fornitore si impegna a manlevare e tenere indenne l\u2019acquirente in relazione a pretese avanzate da propri dipendenti o da dipendenti dei propri subappaltatori e\/o di terzi , da consulenti o da collaboratori che prestino la propria\u2019 attivita \u2018 ,a qualsiasi titolo (lavoro subordinato o meno),per l\u2019esecuzione del contratto , intervenendo anche nei relativi giudizi e chiedendo l\u2019estromissione dell\u2019acquirente.<\/p>\n","protected":false},"excerpt":{"rendered":"<p>ART.1 PREMESSA Le condizioni di seguito riportate sono applicabili ad ogni Contratto salvo che in esso sia fatta espressa deroga con condizioni speciali o singoli Ordini . Ogni modifica o deroga sara\u2019 valida solo se previamente accettata per scritto dall\u2019acquirente. ART.2 DEFINIZIONI Nel contratto i seguenti termini stanno a significare quanto segue: CONDIZIONI GENERALI DI [&hellip;]<\/p>\n","protected":false},"author":1,"featured_media":0,"parent":0,"menu_order":0,"comment_status":"closed","ping_status":"closed","template":"","meta":[],"_links":{"self":[{"href":"https:\/\/www.baruffaldi.it\/en\/wp-json\/wp\/v2\/pages\/3584"}],"collection":[{"href":"https:\/\/www.baruffaldi.it\/en\/wp-json\/wp\/v2\/pages"}],"about":[{"href":"https:\/\/www.baruffaldi.it\/en\/wp-json\/wp\/v2\/types\/page"}],"author":[{"embeddable":true,"href":"https:\/\/www.baruffaldi.it\/en\/wp-json\/wp\/v2\/users\/1"}],"replies":[{"embeddable":true,"href":"https:\/\/www.baruffaldi.it\/en\/wp-json\/wp\/v2\/comments?post=3584"}],"version-history":[{"count":1,"href":"https:\/\/www.baruffaldi.it\/en\/wp-json\/wp\/v2\/pages\/3584\/revisions"}],"predecessor-version":[{"id":3590,"href":"https:\/\/www.baruffaldi.it\/en\/wp-json\/wp\/v2\/pages\/3584\/revisions\/3590"}],"wp:attachment":[{"href":"https:\/\/www.baruffaldi.it\/en\/wp-json\/wp\/v2\/media?parent=3584"}],"curies":[{"name":"wp","href":"https:\/\/api.w.org\/{rel}","templated":true}]}}