{"id":4169,"date":"2023-04-07T09:17:44","date_gmt":"2023-04-07T07:17:44","guid":{"rendered":"https:\/\/www.baruffaldi.it\/chi-siamo-2\/"},"modified":"2023-06-13T16:31:55","modified_gmt":"2023-06-13T14:31:55","slug":"nachhaltigkeit","status":"publish","type":"page","link":"https:\/\/www.baruffaldi.it\/de\/nachhaltigkeit\/","title":{"rendered":"Nachhaltigkeit"},"content":{"rendered":"<h3 style=\"text-align: center;\"><strong>Der Schl\u00fcssel f\u00fcr langfristigen Unternehmenserfolg liegt in umweltvertr\u00e4glicher Nachhaltigkeit<\/strong><\/h3>\n<p style=\"text-align: center;\">Bereits vor Jahren hat sich Baruffaldi auf eine Nachhaltigkeits-Strategie verst\u00e4ndigt, welche bei Neubauten konsequent zum Tragen kommt und auch bei bestehenden Geb\u00e4uden durch Effizienzma\u00dfnahmen und die Nachr\u00fcstung von Anlagen zur Gewinnung von regenerativem Strom ber\u00fccksichtigt wird<\/p>\n<p style=\"text-align: center;\">Um die Nachhaltigkeitsziele zu erreichen, den CO<sub>2<\/sub>-Aussstoss in der Fertigung zu reduzieren sowie die Energiekosten zu verringern, ist unser Unternehmen bereits heute mit einer Photovoltaik-Anlage unseres Partners E.ON ausger\u00fcstet<\/p>\n<p style=\"text-align: center;\">Die Anlage hat heute bereits eine Leistung von 800 kW Peak und wird bis 2024 sukzessiv auf 1200 kW Peak erweitert.<\/p>\n<p>&nbsp;<\/p>\n<p style=\"text-align: center;\"><img decoding=\"async\" loading=\"lazy\" class=\"alignnone wp-image-4185\" src=\"https:\/\/www.baruffaldi.it\/wp-content\/uploads\/2023\/06\/IMG-20220908-WA0008.jpg\" alt=\"\" width=\"409\" height=\"230\" srcset=\"https:\/\/www.baruffaldi.it\/wp-content\/uploads\/2023\/06\/IMG-20220908-WA0008.jpg 1280w, https:\/\/www.baruffaldi.it\/wp-content\/uploads\/2023\/06\/IMG-20220908-WA0008-800x450.jpg 800w, https:\/\/www.baruffaldi.it\/wp-content\/uploads\/2023\/06\/IMG-20220908-WA0008-1200x675.jpg 1200w\" sizes=\"(max-width: 409px) 100vw, 409px\" \/><\/p>\n<h6 style=\"text-align: center;\"><strong>Unser Werk \u201cC\u201d in Tribiano mit einer 350kW-Peak-Photovoltaik-Anlage<\/strong>W<\/h6>\n<p>&nbsp;<\/p>\n<p>&nbsp;<\/p>\n<p>&nbsp;<\/p>\n<h6 style=\"text-align: center;\"><strong>Photovoltaik-Anlage finanziell gef\u00f6rdert durch die Europ\u00e4ische Union im Rahmen der Konjunktur-F\u00f6rderungsma\u00dfnahmen w\u00e4hrend der COVID-19 Pandemie<\/strong><\/h6>\n<p style=\"text-align: center;\"><img decoding=\"async\" loading=\"lazy\" class=\"alignnone wp-image-4182\" src=\"https:\/\/www.baruffaldi.it\/wp-content\/uploads\/2023\/06\/cartello-fotovoltaico.jpg\" alt=\"\" width=\"415\" height=\"293\" srcset=\"https:\/\/www.baruffaldi.it\/wp-content\/uploads\/2023\/06\/cartello-fotovoltaico.jpg 2048w, https:\/\/www.baruffaldi.it\/wp-content\/uploads\/2023\/06\/cartello-fotovoltaico-707x500.jpg 707w, https:\/\/www.baruffaldi.it\/wp-content\/uploads\/2023\/06\/cartello-fotovoltaico-1061x750.jpg 1061w, https:\/\/www.baruffaldi.it\/wp-content\/uploads\/2023\/06\/cartello-fotovoltaico-1536x1086.jpg 1536w\" sizes=\"(max-width: 415px) 100vw, 415px\" \/><\/p>\n<p>&nbsp;<\/p>\n<p>&nbsp;<\/p>\n","protected":false},"excerpt":{"rendered":"<p>Der Schl\u00fcssel f\u00fcr langfristigen Unternehmenserfolg liegt in umweltvertr\u00e4glicher Nachhaltigkeit Bereits vor Jahren hat sich Baruffaldi auf eine Nachhaltigkeits-Strategie verst\u00e4ndigt, welche bei Neubauten konsequent zum Tragen kommt und auch bei bestehenden Geb\u00e4uden durch Effizienzma\u00dfnahmen und die Nachr\u00fcstung von Anlagen zur Gewinnung von regenerativem Strom ber\u00fccksichtigt wird Um die Nachhaltigkeitsziele zu erreichen, den CO2-Aussstoss in der Fertigung [&hellip;]<\/p>\n","protected":false},"author":1,"featured_media":0,"parent":0,"menu_order":0,"comment_status":"closed","ping_status":"closed","template":"","meta":[],"_links":{"self":[{"href":"https:\/\/www.baruffaldi.it\/de\/wp-json\/wp\/v2\/pages\/4169"}],"collection":[{"href":"https:\/\/www.baruffaldi.it\/de\/wp-json\/wp\/v2\/pages"}],"about":[{"href":"https:\/\/www.baruffaldi.it\/de\/wp-json\/wp\/v2\/types\/page"}],"author":[{"embeddable":true,"href":"https:\/\/www.baruffaldi.it\/de\/wp-json\/wp\/v2\/users\/1"}],"replies":[{"embeddable":true,"href":"https:\/\/www.baruffaldi.it\/de\/wp-json\/wp\/v2\/comments?post=4169"}],"version-history":[{"count":3,"href":"https:\/\/www.baruffaldi.it\/de\/wp-json\/wp\/v2\/pages\/4169\/revisions"}],"predecessor-version":[{"id":4198,"href":"https:\/\/www.baruffaldi.it\/de\/wp-json\/wp\/v2\/pages\/4169\/revisions\/4198"}],"wp:attachment":[{"href":"https:\/\/www.baruffaldi.it\/de\/wp-json\/wp\/v2\/media?parent=4169"}],"curies":[{"name":"wp","href":"https:\/\/api.w.org\/{rel}","templated":true}]}}