{"id":3796,"date":"2022-07-08T11:11:37","date_gmt":"2022-07-08T09:11:37","guid":{"rendered":"https:\/\/www.baruffaldi.it\/profil\/"},"modified":"2022-08-23T13:56:54","modified_gmt":"2022-08-23T11:56:54","slug":"profil","status":"publish","type":"page","link":"https:\/\/www.baruffaldi.it\/de\/profil\/","title":{"rendered":"Profil"},"content":{"rendered":"<p>Baruffaldi fertigt heute mit mehr als 220 engangierten Mitarbeitern in 4 Fertigungseinheiten auf einer bebauten Fl\u00e4che von ca. 25.000 m<sup>2<\/sup>.<\/p>\n<p><img decoding=\"async\" loading=\"lazy\" class=\"alignnone size-full wp-image-3883\" src=\"https:\/\/www.baruffaldi.it\/wp-content\/uploads\/2022\/07\/plants.jpg\" alt=\"\" width=\"809\" height=\"189\" srcset=\"https:\/\/www.baruffaldi.it\/wp-content\/uploads\/2022\/07\/plants.jpg 809w, https:\/\/www.baruffaldi.it\/wp-content\/uploads\/2022\/07\/plants-800x187.jpg 800w\" sizes=\"(max-width: 809px) 100vw, 809px\" \/><\/p>\n<p>&nbsp;<\/p>\n<p>Baruffaldi entwickelt und fertigt Komponenten f\u00fcr unterschiedlichste Einsatzgebiete, welche innerhalb des Unternehmens organisatorisch in drei unabh\u00e4ngige Bereiche unterteilt sind<\/p>\n<ul>\n<li>Fahrzeugtechnik<\/li>\n<li>Werkzeugmaschinen<\/li>\n<li>Industrietechnik<\/li>\n<\/ul>\n<p><img decoding=\"async\" loading=\"lazy\" class=\"alignnone wp-image-3880\" src=\"https:\/\/www.baruffaldi.it\/wp-content\/uploads\/2022\/07\/divisioni.jpg\" alt=\"\" width=\"770\" height=\"417\" srcset=\"https:\/\/www.baruffaldi.it\/wp-content\/uploads\/2022\/07\/divisioni.jpg 1127w, https:\/\/www.baruffaldi.it\/wp-content\/uploads\/2022\/07\/divisioni-800x433.jpg 800w\" sizes=\"(max-width: 770px) 100vw, 770px\" \/><\/p>\n<p>&nbsp;<\/p>\n<p>&nbsp;<\/p>\n<p>Bis zum heutigen Tag konnte durch die enge Verzahnung und Zusammenarbeit von Entwicklung, Fertigung, Anwendungstechnik sowie Vertrieb ein hoher Qualit\u00e4tsstandard erzielt und stetig beibehalten werden.<\/p>\n<p><img decoding=\"async\" loading=\"lazy\" class=\" wp-image-1661\" src=\"https:\/\/www.baruffaldi.it\/wp-content\/uploads\/2017\/11\/IMG_9517-750x500.jpg\" alt=\"\" width=\"357\" height=\"238\" srcset=\"https:\/\/www.baruffaldi.it\/wp-content\/uploads\/2017\/11\/IMG_9517-750x500.jpg 750w, https:\/\/www.baruffaldi.it\/wp-content\/uploads\/2017\/11\/IMG_9517-1125x750.jpg 1125w, https:\/\/www.baruffaldi.it\/wp-content\/uploads\/2017\/11\/IMG_9517-600x400.jpg 600w, https:\/\/www.baruffaldi.it\/wp-content\/uploads\/2017\/11\/IMG_9517.jpg 2048w\" sizes=\"(max-width: 357px) 100vw, 357px\" \/><\/p>\n<p>&nbsp;<\/p>\n<p>&nbsp;<\/p>\n<p>Baruffaldi ist ein international etabliertes Unternehmen, welches sich durch seine Entwicklungsst\u00e4rke, die hohe Produktqualit\u00e4t sowie die zuverl\u00e4ssigen Produkte auszeichnet und von Partner und Kunden gesch\u00e4tzt wird.<\/p>\n<p><img decoding=\"async\" loading=\"lazy\" class=\" wp-image-3871\" src=\"https:\/\/www.baruffaldi.it\/wp-content\/uploads\/2022\/07\/IMG_20170525_140311-800x449.jpg\" alt=\"\" width=\"353\" height=\"198\" srcset=\"https:\/\/www.baruffaldi.it\/wp-content\/uploads\/2022\/07\/IMG_20170525_140311-800x449.jpg 800w, https:\/\/www.baruffaldi.it\/wp-content\/uploads\/2022\/07\/IMG_20170525_140311-1200x674.jpg 1200w, https:\/\/www.baruffaldi.it\/wp-content\/uploads\/2022\/07\/IMG_20170525_140311-1536x863.jpg 1536w, https:\/\/www.baruffaldi.it\/wp-content\/uploads\/2022\/07\/IMG_20170525_140311.jpg 2048w\" sizes=\"(max-width: 353px) 100vw, 353px\" \/><\/p>\n<p>&nbsp;<\/p>\n<p>&nbsp;<\/p>\n<p>Das Unternehmen ist weltweit durch ein zuverl\u00e4ssiges Vertriebs- und Service-Netzwerk vertreten und in den meisten Industriel\u00e4ndern vor Ort f\u00fcr die Kunden direkt erreichbar.<\/p>\n<p><img decoding=\"async\" loading=\"lazy\" class=\"alignnone wp-image-3865\" src=\"https:\/\/www.baruffaldi.it\/wp-content\/uploads\/2022\/07\/IMG_20190919_091154-800x400.jpg\" alt=\"\" width=\"506\" height=\"253\" \/><\/p>\n","protected":false},"excerpt":{"rendered":"<p>Baruffaldi fertigt heute mit mehr als 220 engangierten Mitarbeitern in 4 Fertigungseinheiten auf einer bebauten Fl\u00e4che von ca. 25.000 m2. &nbsp; Baruffaldi entwickelt und fertigt Komponenten f\u00fcr unterschiedlichste Einsatzgebiete, welche innerhalb des Unternehmens organisatorisch in drei unabh\u00e4ngige Bereiche unterteilt sind Fahrzeugtechnik Werkzeugmaschinen Industrietechnik &nbsp; &nbsp; Bis zum heutigen Tag konnte durch die enge Verzahnung und [&hellip;]<\/p>\n","protected":false},"author":1,"featured_media":0,"parent":0,"menu_order":0,"comment_status":"closed","ping_status":"closed","template":"","meta":[],"_links":{"self":[{"href":"https:\/\/www.baruffaldi.it\/de\/wp-json\/wp\/v2\/pages\/3796"}],"collection":[{"href":"https:\/\/www.baruffaldi.it\/de\/wp-json\/wp\/v2\/pages"}],"about":[{"href":"https:\/\/www.baruffaldi.it\/de\/wp-json\/wp\/v2\/types\/page"}],"author":[{"embeddable":true,"href":"https:\/\/www.baruffaldi.it\/de\/wp-json\/wp\/v2\/users\/1"}],"replies":[{"embeddable":true,"href":"https:\/\/www.baruffaldi.it\/de\/wp-json\/wp\/v2\/comments?post=3796"}],"version-history":[{"count":1,"href":"https:\/\/www.baruffaldi.it\/de\/wp-json\/wp\/v2\/pages\/3796\/revisions"}],"predecessor-version":[{"id":3919,"href":"https:\/\/www.baruffaldi.it\/de\/wp-json\/wp\/v2\/pages\/3796\/revisions\/3919"}],"wp:attachment":[{"href":"https:\/\/www.baruffaldi.it\/de\/wp-json\/wp\/v2\/media?parent=3796"}],"curies":[{"name":"wp","href":"https:\/\/api.w.org\/{rel}","templated":true}]}}