{"id":2883,"date":"2019-11-14T10:53:49","date_gmt":"2019-11-14T09:53:49","guid":{"rendered":"https:\/\/www.baruffaldi.it\/service-und-ersatzteile\/"},"modified":"2025-03-11T13:41:21","modified_gmt":"2025-03-11T12:41:21","slug":"service-und-ersatzteile","status":"publish","type":"page","link":"https:\/\/www.baruffaldi.it\/de\/service-und-ersatzteile\/","title":{"rendered":"Service und Ersatzteile"},"content":{"rendered":"<p>Baruffaldi ist dank seiner globalen Partner in der Lage auch abseits des Heimatmarktes s\u00e4mtliche Produkte und Dienstleistung in der bekannt hohen Qualit\u00e4t anbieten zu k\u00f6nnen.<\/p>\n<p>Damit ist auch der gewohnte Service und Kundendienst l\u00e4nder\u00fcbergreifend garantiert.<\/p>\n<table class=\"table tabella-rete\">\n<tbody>\n<tr>\n<td style=\"font-size: 125%; font-weight: bold; padding: 10px;\" colspan=\"3\">Deutschland<\/td>\n<\/tr>\n<tr>\n<td style=\"width: 25%; min-width: 100px;\"><img decoding=\"async\" loading=\"lazy\" class=\"alignnone wp-image-2891 size-full\" src=\"https:\/\/www.baruffaldi.it\/wp-content\/uploads\/2017\/10\/de.png\" alt=\"\" width=\"580\" height=\"348\" \/><\/td>\n<td><strong>REGEBA GmbH<br \/>\nRevolver \u2013 Getriebe \u2013 Baruffaldi<br \/>\n<\/strong>Industriestrasse 29<br \/>\n72585 Riederich<br \/>\nContact person: Mr. Judas Florian<br \/>\nPhone: +49 (0)7123 \/ 9290-330<br \/>\nFax: +49 (0)7123 \/ 9290-329<br \/>\nMobile:+49 (0)157 \/ 333 51 333<br \/>\nEmail: info@regeba-technik.de<br \/>\nWebsite:\u00a0<a href=\"http:\/\/www.regeba-technik.de\/\">www.regeba-technik.de<\/a><\/td>\n<td><\/td>\n<\/tr>\n<tr>\n<td style=\"font-size: 125%; font-weight: bold; padding: 10px;\" colspan=\"3\">Taiwan<\/td>\n<\/tr>\n<tr>\n<td><img decoding=\"async\" loading=\"lazy\" class=\"alignnone size-full wp-image-2879\" src=\"https:\/\/www.baruffaldi.it\/wp-content\/uploads\/2017\/10\/tw.png\" alt=\"\" width=\"580\" height=\"387\" \/><\/td>\n<td><strong>GUDEL LINEARTEC CO. LTD<\/strong><br \/>\nNo. 99, An-Chai 8th St. 30373 Hsin-Chu, Taiwan<br \/>\nContact person: Mr. Shin-Tang Fu<br \/>\nPhone: +886-3-5985398<br \/>\nMobile: +886-4-22625186<br \/>\nFax: +886-3-5978848<br \/>\nE-mail: <a href=\"mailto:baruffalditaiwan@gmail.com\">baruffalditaiwan@gmail.com<\/a><br \/>\nE-mail: <a href=\"mailto:stfu0308@gmail.com\">stfu0308@gmail.com<\/a><\/td>\n<td><\/td>\n<\/tr>\n<tr>\n<td style=\"font-size: 125%; font-weight: bold; padding: 10px;\" colspan=\"3\">Volksrepublik China<\/td>\n<\/tr>\n<tr>\n<td><img decoding=\"async\" loading=\"lazy\" class=\"alignnone size-full wp-image-2874\" src=\"https:\/\/www.baruffaldi.it\/wp-content\/uploads\/2017\/10\/cn.png\" alt=\"\" width=\"580\" height=\"387\" \/><\/td>\n<td><span style=\"text-decoration: underline;\"><strong>Service und Ersatzteile f\u00fcr Werkzeugmaschinenkomponenten<\/strong><\/span><\/p>\n<p><strong>BEIJING DEALING CO. LTD, (<em>BEIJING<\/em> TECHNCIAL SERVICE CENTER)<\/strong><br \/>\nNo.602, BUILDING a TIANLANGYUAN HONGJUNYING<br \/>\nNANLU CHAOYANG DISTRICT BEIJING P.R.CHINA 100107<br \/>\nContact person: Mr. Qui Gang<br \/>\nTel: +86 10 84922430 \/ +86 13901191170<br \/>\nFax: +86 10 84922433<br \/>\nE-mail: <a href=\"mailto:qinsimone@vip.sina.com\">qinsimone@vip.sina.com<\/a><\/td>\n<td><strong>\u5317\u4eac\u5fb7<\/strong><strong>\u90bb\u5b9c\u6210\u79d1\u8d38\u6709\u9650\u516c\u53f8<\/strong><br \/>\n\u5317\u4eac\u671d\u9633\u533a\u50b2\u57ce\u878d\u5bcc\u4e2d\u5fc3A\u5ea7602 \u90ae\u7f16100107<br \/>\n\u8054\u7cfb\u4eba\uff1a\u79e6\u521a<br \/>\n\u7535\u8bdd\uff1a+86 10 84922430 +86 13901191170<br \/>\n\u4f20\u771f\uff1a+86 10 84922433<br \/>\n\u90ae\u7bb1\uff1a <a href=\"mailto:qinsimone@vip.sina.com\">qinsimone@vip.sina.com<\/a><\/td>\n<\/tr>\n<tr>\n<td><img decoding=\"async\" loading=\"lazy\" class=\"alignnone size-full wp-image-2874\" src=\"https:\/\/www.baruffaldi.it\/wp-content\/uploads\/2017\/10\/cn.png\" alt=\"\" width=\"580\" height=\"387\" \/><\/td>\n<td><span style=\"text-decoration: underline;\"><strong>Service und Ersatzteile f\u00fcr Werkzeugmaschinenkomponenten<\/strong><\/span><\/p>\n<p><strong>BEIJING DEALING CO. LTD, (<em>SHANGHAI<\/em> TECHNICAL SERVICE CENTER)<\/strong><br \/>\n3rd FLOOR No.2 454 LANE MIYUN ROAD YANGPU<br \/>\nDISTRICT SHANGHAI P.R.CHINA 200092<br \/>\nContact person: Mr. Lv Jianpin<br \/>\nTel: +86 21 65791891 \/ +86 13901703153<br \/>\nFax: +86 21 65798336<br \/>\nE-mail: <a href=\"mailto:lv_dave@sina.com\">lv_dave@sina.com<\/a><\/td>\n<td><span lang=\"EN-US\">\u5317\u4eac\u5fb7<\/span>\u90bb\u5b9c\u6210\u79d1\u8d38\u6709\u9650\u516c\u53f8\u4e0a\u6d77\u6280\u672f\u670d\u52a1\u4e2d\u5fc3\uff08\u4e0a\u6d77\u5251\u6c47\u81ea\u63a7\u8bbe\u5907\u6709\u9650\u516c\u53f8<span lang=\"EN-US\">\uff09<\/span><br \/>\n\u4e0a\u6d77\u5e02\u6768\u6d66\u533a\u5bc6\u4e91\u8def454<span lang=\"EN-US\">\u5f04<\/span>2<span lang=\"EN-US\">\u53f7<\/span>3<span lang=\"EN-US\">\u697c<\/span> \u90ae\u7f16\uff1a200092<br \/>\n\u7535\u8bdd<span lang=\"EN-US\">\uff1a<\/span>+86 21 65791891 \/\u00a0+86 13901703153<br \/>\n\u4f20\u771f<span lang=\"EN-US\">\uff1a<\/span>+86 21 65798336<br \/>\n\u90ae\u7bb1<span lang=\"EN-US\">\uff1a<\/span> <a href=\"mailto:lv_dave@sina.com\">lv_dave@sina.com<\/a><\/td>\n<\/tr>\n<tr>\n<td><img decoding=\"async\" loading=\"lazy\" class=\"alignnone size-full wp-image-2874\" src=\"https:\/\/www.baruffaldi.it\/wp-content\/uploads\/2017\/10\/cn.png\" alt=\"\" width=\"580\" height=\"387\" \/><\/td>\n<td><span style=\"text-decoration: underline;\"><strong>Service und Ersatzteile f\u00fcr Getriebe<\/strong><\/span><\/p>\n<p><strong>R&amp;F (JIANGSU) TRANSM.MACH. CO. LTD,<\/strong><br \/>\nNo.77 HUAIDE ROAD CHANGZHOU CITY<br \/>\nJIANGSU CHINA 213000<br \/>\nContact person: Mr. Zhou Yun<br \/>\nTel: 0519-88135566 83385999 400-9959-199<br \/>\nFax: 0519-88156966<br \/>\nMobile: 139-1583-6789<br \/>\nE-mail: <a href=\"mailto:zhouyun116688@163.com\">zhouyun116688@163.com<\/a><\/td>\n<td><strong>\u6c5f<\/strong><strong>\u82cf\u65e5\u5bcc\u4f20\u52a8\u673a\u68b0\u6709\u9650\u516c\u53f8<\/strong><br \/>\n\u6c5f\u82cf\u7701\u5e38\u5dde\u5e02\u949f\u697c\u533a<br \/>\n\u4e2d\u5929\u51e4\u51f0\u7535\u5668\u57ce28\u5e622\u697c<br \/>\n\u8054\u7cfb\u4eba\uff1a\u5468\u4e91 \u5148\u751f<br \/>\n\u7535\u8bdd\uff1a0519-88135566 83385999 400-9959-199<br \/>\n\u4f20\u771f\uff1a0519-88156966<br \/>\n\u624b\u673a\uff1a139-1583-6789<br \/>\n\u90ae\u7bb1\uff1a <a href=\"mailto:zhouyun116688@163.com\">zhouyun116688@163.com<\/a><\/td>\n<\/tr>\n<tr>\n<td><img decoding=\"async\" loading=\"lazy\" class=\"alignnone size-full wp-image-2874\" src=\"https:\/\/www.baruffaldi.it\/wp-content\/uploads\/2017\/10\/cn.png\" alt=\"\" width=\"580\" height=\"387\" \/><\/td>\n<td><span style=\"text-decoration: underline;\"><strong>Service und Ersatzteile f\u00fcr Getriebe<\/strong><\/span><\/p>\n<p><strong>SCHMOT(SHANGHAI) TECHNOLOGY CO. LTD<\/strong><br \/>\nB104, HUANQIU SQUARE, 18 TAOLIN ROAD<br \/>\nPUDONG SHANGHAI CHINA 200135<br \/>\nContact person: Mr. Xie Xiaoyu<br \/>\nTel: 021-68559602<br \/>\nFax: 021-68535409<br \/>\nMobile: 13319208373<br \/>\nE-mail: <a href=\"mailto:xiexiaoyu@schmot.com\">xiexiaoyu@schmot.com<\/a><\/td>\n<td><strong>\u4e0a\u6d77\u4ece\u5316\u673a<\/strong><strong>\u7535\u79d1\u6280\u6709\u9650\u516c\u53f8<\/strong><br \/>\n\u4e0a\u6d77\u5e02\u6d66\u4e1c\u65b0\u533a\u6843\u6797\u8def18<br \/>\n\u73af\u7403\u5e7f\u573aB104\u5ba4<br \/>\n\u8054\u7cfb\u4eba\uff1a\u8c22\u6653\u5b87 \u5148\u751f<br \/>\n\u7535\u8bdd\uff1a021-68559602<br \/>\n\u4f20\u771f\uff1a021-68535409<br \/>\n\u624b\u673a\uff1a13319208373<br \/>\n\u90ae\u7bb1\uff1a <a href=\"mailto:xiexiaoyu@schmot.com\">xiexiaoyu@schmot.com<\/a><\/td>\n<\/tr>\n<tr>\n<td style=\"font-size: 125%; font-weight: bold; padding: 10px;\" colspan=\"3\">Russische F\u00f6deration<\/td>\n<\/tr>\n<tr>\n<td><img decoding=\"async\" loading=\"lazy\" class=\"alignnone wp-image-2890 size-full\" src=\"https:\/\/www.baruffaldi.it\/wp-content\/uploads\/2017\/10\/us.png\" alt=\"\" width=\"580\" height=\"305\" \/><\/td>\n<td><strong>MARATHON MACHINE TOOLS, INC<\/strong><br \/>\n4550 Greenatill Dr., Bldg. A<br \/>\nHumble (Houston) TX 77346<br \/>\nContact person: Mr. George T. Dabis<br \/>\nPhone: +1-713-254-7626<br \/>\nE-mail: georged@marathon-excel.com<br \/>\nWebsite: <a href=\"http:\/\/www.marathon-excel.com\">www.marathon-excel.com<\/a><\/td>\n<td><\/td>\n<\/tr>\n<tr>\n<td style=\"font-size: 125%; font-weight: bold; padding: 10px;\" colspan=\"3\">S\u00fcdkorea<\/td>\n<\/tr>\n<tr>\n<td><img decoding=\"async\" loading=\"lazy\" class=\"alignnone size-full wp-image-2877\" src=\"https:\/\/www.baruffaldi.it\/wp-content\/uploads\/2017\/10\/kr.png\" alt=\"\" width=\"580\" height=\"387\" \/><\/td>\n<td><strong>TEBA Corporation<\/strong><br \/>\n#814 Duksan Besttel<br \/>\n69-1 Sangnam-Dong, Changwon<br \/>\nKyungnam, 642-968 Korea<br \/>\nContact person: Mr. Dae Jin Park<br \/>\nPhone: +82 55 2752680<br \/>\nFax: +82 55 2752682<br \/>\nE-mail: <a href=\"mailto:daejin@teba.co.kr\">daejin@teba.co.kr<\/a><br \/>\nWebsite: www.teba.co.kr<\/td>\n<\/tr>\n<tr>\n<td style=\"font-size: 125%; font-weight: bold; padding: 10px;\" colspan=\"3\">Gro\u00dfbritannien<\/td>\n<\/tr>\n<tr>\n<td><img decoding=\"async\" loading=\"lazy\" class=\"alignnone size-full wp-image-2878\" src=\"https:\/\/www.baruffaldi.it\/wp-content\/uploads\/2018\/03\/uk.png\" alt=\"\" width=\"580\" height=\"387\" \/><\/td>\n<td><strong>DSG Machines T\/A\u00a0Calderdale Engineering Services Ltd.<\/strong><br \/>\nGibbet Street, Halifax,\u00a0West Yorkshire HX1 4DB<br \/>\nUnited Kingdom<br \/>\nContact person: Mr. Carl Griffiths<br \/>\nPhone: +44 1422 352 220<br \/>\nE-mail: <a href=\"mailto:Carl@dsgmachines.com\">Carl@dsgmachines.com<\/a><\/td>\n<\/tr>\n<tr>\n<td><\/td>\n<\/tr>\n<tr>\n<td style=\"font-size: 125%; font-weight: bold; padding: 10px;\" colspan=\"3\">Tschechische Republik<\/td>\n<\/tr>\n<tr>\n<td><img decoding=\"async\" loading=\"lazy\" class=\"alignnone wp-image-2892 size-full\" src=\"https:\/\/www.baruffaldi.it\/wp-content\/uploads\/2017\/10\/cz.png\" alt=\"\" width=\"580\" height=\"387\" \/><\/td>\n<td><strong>S.O.S. Difak S.r.o<\/strong><br \/>\nPod kaval\u00edrkou 486\/32<br \/>\n150 00 Praha 5 \u2013 Ko\u0161\u00ed\u0159e<br \/>\nContact person: Mr. Ond\u0159ej \u0160m\u00edd<br \/>\nPhone: +420 381 591 241<br \/>\nE-mail:\u00a0<a href=\"mailto:ondra.smid@difak.cz\">ondra.smid@difak.cz<\/a>\u00a0 \u00a0 Website:\u00a0<u><a href=\"http:\/\/www.difak.cz\/\">www.difak.cz<\/a><\/u><\/td>\n<\/tr>\n<tr>\n<td><\/td>\n<\/tr>\n<tr>\n<td style=\"font-size: 125%; font-weight: bold; padding: 10px;\" colspan=\"3\">Frankreich<\/td>\n<\/tr>\n<tr>\n<td><img decoding=\"async\" loading=\"lazy\" class=\"alignnone wp-image-2893 size-full\" src=\"https:\/\/www.baruffaldi.it\/wp-content\/uploads\/2017\/10\/fr.png\" alt=\"\" width=\"580\" height=\"387\" \/><\/td>\n<td><strong>MACMO sasu<\/strong><br \/>\n100 Rue Centrale<br \/>\n01500 Hameau Le Genoud<br \/>\nFrance<br \/>\nContact person: Mr. Nicolas Magdelaine<br \/>\nPhone: +33 0661050105<br \/>\nEmail: <a href=\"mailto:macmo@orange.fr\">macmo@orange.fr<\/a><br \/>\nWebsite: <a href=\"http:\/\/macmo.fr\">http:\/\/macmo.fr\/macmo<\/a><\/td>\n<td><\/td>\n<\/tr>\n<tr>\n<td style=\"font-size: 125%; font-weight: bold; padding: 10px;\" colspan=\"3\">Ungarn<\/td>\n<\/tr>\n<tr>\n<td><img decoding=\"async\" loading=\"lazy\" class=\"alignnone wp-image-2894 size-full\" src=\"https:\/\/www.baruffaldi.it\/wp-content\/uploads\/2017\/10\/hu.png\" alt=\"\" width=\"580\" height=\"290\" \/><\/td>\n<td><strong>LA VERO KFT<\/strong><br \/>\n2045 T\u00f6r\u00f6kb\u00e1lint \u00d3voda utca 7<br \/>\nHungary<br \/>\nContact person: Mr. Ferencz<br \/>\nPhone: +36 20 315 516<br \/>\nMobile: +36 20 951 6256<br \/>\nEmail:\u00a0<a href=\"mailto:office@lavero.hu\">office@lavero.hu<\/a><br \/>\nWebsite:\u00a0<a href=\"http:\/\/www.lavero.hu\/\">www.lavero.hu<\/a><\/td>\n<td><\/td>\n<\/tr>\n<tr>\n<td style=\"font-size: 125%; font-weight: bold; padding: 10px;\" colspan=\"3\">Spanien<\/td>\n<\/tr>\n<tr>\n<td><img decoding=\"async\" loading=\"lazy\" class=\"alignnone size-full wp-image-2876\" src=\"https:\/\/www.baruffaldi.it\/wp-content\/uploads\/2017\/10\/es.jpg\" alt=\"\" width=\"580\" height=\"387\" \/><\/td>\n<td><strong>DAISA TECHNOLOGIC, S.L.<\/strong><br \/>\nUrdaneta Bidea 13 local 4<br \/>\n20800 ZARAUTZ (GIPUZKOA) &#8211; SPAIN<br \/>\nContact person: ALEXIS BUSOLLO<br \/>\nPhone: +34 943133739 &#8211; 943134044<br \/>\nFax: +34 943835012<br \/>\nE-mail: <a href=\"mailto:daisa@daisatechnologic.com\">daisa@daisatechnologic.com<\/a><\/td>\n<td><\/td>\n<\/tr>\n<tr>\n<td style=\"font-size: 125%; font-weight: bold; padding: 10px;\" colspan=\"3\">Indien<\/td>\n<\/tr>\n<tr>\n<td><img decoding=\"async\" loading=\"lazy\" class=\"alignnone size-full wp-image-2880\" src=\"https:\/\/www.baruffaldi.it\/wp-content\/uploads\/2017\/10\/in.png\" alt=\"\" width=\"580\" height=\"387\" \/><\/td>\n<td><strong>ELECTRO TECNO<\/strong><br \/>\n162 8th Street, NSK Nagar Arumbakkam,<br \/>\n600106 Chennai, Tamil Nadu INDIA<br \/>\nContact person: Venkatesan Venugopal<br \/>\nPhone: +91 9444171277<br \/>\nPhone: +91 9677060977<br \/>\nE-mail: venkatesan@baruffaldi.it<br \/>\nE-mail: electrotecno_v@yahoo.com<br \/>\nWebsite: www.baruffaldi.it<\/td>\n<td><\/td>\n<\/tr>\n<\/tbody>\n<\/table>\n","protected":false},"excerpt":{"rendered":"<p>Baruffaldi ist dank seiner globalen Partner in der Lage auch abseits des Heimatmarktes s\u00e4mtliche Produkte und Dienstleistung in der bekannt hohen Qualit\u00e4t anbieten zu k\u00f6nnen. Damit ist auch der gewohnte Service und Kundendienst l\u00e4nder\u00fcbergreifend garantiert. Deutschland REGEBA GmbH Revolver \u2013 Getriebe \u2013 Baruffaldi Industriestrasse 29 72585 Riederich Contact person: Mr. Judas Florian Phone: +49 (0)7123 [&hellip;]<\/p>\n","protected":false},"author":1,"featured_media":0,"parent":0,"menu_order":0,"comment_status":"closed","ping_status":"closed","template":"","meta":[],"_links":{"self":[{"href":"https:\/\/www.baruffaldi.it\/de\/wp-json\/wp\/v2\/pages\/2883"}],"collection":[{"href":"https:\/\/www.baruffaldi.it\/de\/wp-json\/wp\/v2\/pages"}],"about":[{"href":"https:\/\/www.baruffaldi.it\/de\/wp-json\/wp\/v2\/types\/page"}],"author":[{"embeddable":true,"href":"https:\/\/www.baruffaldi.it\/de\/wp-json\/wp\/v2\/users\/1"}],"replies":[{"embeddable":true,"href":"https:\/\/www.baruffaldi.it\/de\/wp-json\/wp\/v2\/comments?post=2883"}],"version-history":[{"count":11,"href":"https:\/\/www.baruffaldi.it\/de\/wp-json\/wp\/v2\/pages\/2883\/revisions"}],"predecessor-version":[{"id":4463,"href":"https:\/\/www.baruffaldi.it\/de\/wp-json\/wp\/v2\/pages\/2883\/revisions\/4463"}],"wp:attachment":[{"href":"https:\/\/www.baruffaldi.it\/de\/wp-json\/wp\/v2\/media?parent=2883"}],"curies":[{"name":"wp","href":"https:\/\/api.w.org\/{rel}","templated":true}]}}