{"id":2873,"date":"2017-10-12T12:23:51","date_gmt":"2017-10-12T10:23:51","guid":{"rendered":"https:\/\/www.baruffaldi.it\/rete-vendita-mondiale\/"},"modified":"2025-03-11T13:34:52","modified_gmt":"2025-03-11T12:34:52","slug":"rete-vendita-mondiale","status":"publish","type":"page","link":"https:\/\/www.baruffaldi.it\/de\/rete-vendita-mondiale\/","title":{"rendered":"Weltweites Vertriebsnetz"},"content":{"rendered":"<p>Baruffaldi verf\u00fcgt \u00fcber ein internationales Netzwerk an Vertretungen und Distributoren. Damit wird die bestm\u00f6gliche N\u00e4he zu unseren Kunden sichergestellt, um jederzeit kurzfristig auf die verschiedensten Bed\u00fcrfnisse eingehen zu k\u00f6nnen.<\/p>\n<p>&nbsp;<\/p>\n<p>&nbsp;<\/p>\n<table class=\"table tabella-rete\">\n<tbody>\n<tr>\n<td style=\"font-size: 125%; font-weight: bold; padding: 10px;\" colspan=\"3\">Germany<\/td>\n<\/tr>\n<tr>\n<td style=\"width: 25%; min-width: 100px;\"><img decoding=\"async\" loading=\"lazy\" class=\"alignnone wp-image-1732 size-full\" src=\"https:\/\/www.baruffaldi.it\/wp-content\/uploads\/2017\/10\/de.png\" alt=\"\" width=\"580\" height=\"348\" \/><\/td>\n<td><strong>REGEBA GmbH<\/strong><br \/>\n<strong>Revolver &#8211; Getriebe &#8211; Baruffaldi<\/strong><br \/>\nIndustriestrasse 29<br \/>\n72585 Riederich<br \/>\nContact person: Mr. Judas Florian<br \/>\nPhone: +49 (0)7123 \/ 9290-330<br \/>\nFax: +49 (0)7123 \/ 9290-329<br \/>\nMobile:+49 (0)157 \/ 333 51 333<br \/>\nEmail: info@regeba-technik.de<br \/>\nWebsite:\u00a0<a href=\"http:\/\/www.regeba-technik.de\/\">www.regeba-technik.de<\/a><\/td>\n<td><\/td>\n<\/tr>\n<\/tbody>\n<tbody>\n<tr>\n<td style=\"font-size: 125%; font-weight: bold; padding: 10px;\" colspan=\"3\">South Corea<\/td>\n<\/tr>\n<tr>\n<td style=\"width: 25%; min-width: 100px;\"><img decoding=\"async\" loading=\"lazy\" class=\"alignnone size-full wp-image-1724\" src=\"https:\/\/www.baruffaldi.it\/wp-content\/uploads\/2017\/10\/kr.png\" alt=\"\" width=\"580\" height=\"387\" \/><\/td>\n<td><strong>TEBA CORPORATION<\/strong><br \/>\n#814 Duksan Besttel 69-1 Sangnam-Dong, Changwon<br \/>\nKyungnam, 642-968 Korea<br \/>\nContact person: Mr. Dae Jin Park<br \/>\nPhone: +82 55 2752680<br \/>\nFax: +82 55 2752682<br \/>\nE-mail: daejin@teba.co.kr<br \/>\nWebsite: www.teba.co.kr<\/td>\n<td><strong>\ud14c\ubc14\ucf54\ud37c\ub808\uc774\uc158<\/strong><br \/>\n642-968 \uacbd\ub0a8 \ucc3d\uc6d0\uc2dc \uc0c1\ub0a8\ub3d9 69-1<br \/>\n\ub355\uc0b0\ubca0\uc2a4\ud2b8\ud154 814\ud638<br \/>\nContact person: \ubc15\ub300\uc9c4<br \/>\nPhone: +82 55 2752680<br \/>\nFax: +82 55 2752682<br \/>\nE-mail: daejin@teba.co.kr<br \/>\nWebsite: www.teba.co.kr<\/td>\n<\/tr>\n<tr>\n<td style=\"font-size: 125%; font-weight: bold; padding: 10px;\" colspan=\"3\">Taiwan (Republic of China &#8211; ROC)<\/td>\n<\/tr>\n<tr>\n<td><img decoding=\"async\" loading=\"lazy\" class=\"alignnone size-full wp-image-1726\" src=\"https:\/\/www.baruffaldi.it\/wp-content\/uploads\/2017\/10\/tw.png\" alt=\"\" width=\"580\" height=\"387\" \/><\/td>\n<td><strong>GUDEL LINEARTEC CO. LTD<\/strong><br \/>\nNo. 99, An-Chai 8th St. 30373 Hsin-Chu, Taiwan<br \/>\nContact person: Mr. Shin-Tang Fu<br \/>\nPhone: +886-3-5985398<br \/>\nMobile: +886-4-22625186<br \/>\nFax: +886-3-5978848<br \/>\nE-mail: <a href=\"mailto:baruffalditaiwan@gmail.com\">baruffalditaiwan@gmail.com<\/a><br \/>\nE-mail: <a href=\"mailto:stfu0308@gmail.com\">stfu0308@gmail.com<\/a><\/td>\n<td><strong>GUDEL LINEARTEC CO. LTD<\/strong><br \/>\nNo. 99, An-Chai 8th St. 30373 Hsin-Chu, Taiwan<br \/>\nContact person: Mr. Shin-Tang Fu<br \/>\nPhone: +886-3-5985398<br \/>\nMobile: +886-4-22625186<br \/>\nFax: +886-3-5978848<br \/>\nE-mail: baruffalditaiwan@gmail.com<br \/>\nE-mail: stfu0308@gmail.com<\/td>\n<\/tr>\n<tr>\n<td style=\"font-size: 125%; font-weight: bold; padding: 10px;\" colspan=\"3\">People&#8217;s Republic of China (PRC)<\/td>\n<\/tr>\n<tr>\n<td><img decoding=\"async\" loading=\"lazy\" class=\"alignnone size-full wp-image-1722\" src=\"https:\/\/www.baruffaldi.it\/wp-content\/uploads\/2017\/10\/cn.png\" alt=\"\" width=\"580\" height=\"387\" \/><\/td>\n<td><strong>BEIJING DEALING CO. LTD<\/strong><br \/>\nNo.602, BUILDING a TIANLANGYUAN HONGJUNYING<br \/>\nNANLU CHAOYANG DISTRICT BEIJING P.R.CHINA 100107<br \/>\nContact person: Mr. Qui Gang<br \/>\nTel: +86 10 84922430 \/ +86 13901191170<br \/>\nFax: +86 10 84922433E-mail: qinsimone@vip.sina.com<\/td>\n<td>\u5317\u4eac\u5fb7\u90bb\u5b9c\u6210\u79d1\u8d38\u6709\u9650\u516c\u53f8<br \/>\n\u5317\u4eac\u671d\u9633\u533a\u50b2\u57ce\u878d\u5bcc\u4e2d\u5fc3A\u5ea7602 \u90ae\u7f16100107\u8054\u7cfb\u4eba\uff1a\u79e6\u521a<br \/>\n\u7535\u8bdd\uff1a+86 10 84922430 +86 13901191170<br \/>\n\u4f20\u771f\uff1a+86 10 84922433\u90ae\u7bb1\uff1a qinsimone@vip.sina.com<\/td>\n<\/tr>\n<tr>\n<td><img decoding=\"async\" loading=\"lazy\" class=\"alignnone size-full wp-image-1722\" src=\"https:\/\/www.baruffaldi.it\/wp-content\/uploads\/2017\/10\/cn.png\" alt=\"\" width=\"580\" height=\"387\" \/><\/td>\n<td><strong>R&amp;F (JIANGSU) TRANSM.MACH. CO. LTD<\/strong><br \/>\nNo.77 HUAIDE ROAD CHANGZHOU CITY<br \/>\nJIANGSU CHINA 213000<br \/>\nContact person: Mr. Zhou Yun<br \/>\nTel: 0519-88135566 83385999 400-9959-199<br \/>\nFax: 0519-88156966<br \/>\nMobile: 139-1583-6789<br \/>\nE-mail: zhouyun116688@163.com<\/td>\n<td>\u6c5f\u82cf\u65e5\u5bcc\u4f20\u52a8\u673a\u68b0\u6709\u9650\u516c\u53f8<br \/>\n\u6c5f\u82cf\u7701\u5e38\u5dde\u5e02\u949f\u697c\u533a<br \/>\n\u4e2d\u5929\u51e4\u51f0\u7535\u5668\u57ce28\u5e622\u697c<br \/>\n\u8054\u7cfb\u4eba\uff1a\u5468\u4e91 \u5148\u751f<br \/>\n\u7535\u8bdd\uff1a0519-88135566 83385999 400-9959-199<br \/>\n\u4f20\u771f\uff1a0519-88156966<br \/>\n\u624b\u673a\uff1a139-1583-6789<br \/>\n\u90ae\u7bb1\uff1a zhouyun116688@163.com<\/td>\n<\/tr>\n<tr>\n<td><img decoding=\"async\" loading=\"lazy\" class=\"alignnone size-full wp-image-1722\" src=\"https:\/\/www.baruffaldi.it\/wp-content\/uploads\/2017\/10\/cn.png\" alt=\"\" width=\"580\" height=\"387\" \/><\/td>\n<td><strong>SCHMOT(SHANGHAI) TECHNOLOGY CO. LTD<\/strong><br \/>\nB104, HUANQIU SQUARE, 18 TAOLIN ROAD<br \/>\nPUDONG SHANGHAI CHINA 200135<br \/>\nContact person: Mr. Xie Xiaoyu<br \/>\nTel: 021-68559602<br \/>\nFax: 021-68535409<br \/>\nMobile: 13319208373<br \/>\nE-mail: xiexiaoyu@schmot.com<\/td>\n<td>\u4e0a\u6d77\u4ece\u5316\u673a\u7535\u79d1\u6280\u6709\u9650\u516c\u53f8<br \/>\n\u4e0a\u6d77\u5e02\u6d66\u4e1c\u65b0\u533a\u6843\u6797\u8def18<br \/>\n\u73af\u7403\u5e7f\u573aB104\u5ba4<br \/>\n\u8054\u7cfb\u4eba\uff1a\u8c22\u6653\u5b87 \u5148\u751f<br \/>\n\u7535\u8bdd\uff1a021-68559602<br \/>\n\u4f20\u771f\uff1a021-68535409<br \/>\n\u624b\u673a\uff1a13319208373<br \/>\n\u90ae\u7bb1\uff1a xiexiaoyu@schmot.com<\/td>\n<\/tr>\n<tr>\n<td style=\"font-size: 125%; font-weight: bold; padding: 10px;\" colspan=\"3\">Germany<\/td>\n<\/tr>\n<tr>\n<td><img decoding=\"async\" loading=\"lazy\" class=\"alignnone wp-image-1732 size-full\" src=\"https:\/\/www.baruffaldi.it\/wp-content\/uploads\/2017\/10\/de.png\" alt=\"\" width=\"580\" height=\"348\" \/><\/td>\n<td><strong>REGEBA GmbH<\/strong><br \/>\n<strong>Revolver &#8211; Getriebe &#8211; Baruffaldi<\/strong><br \/>\nIndustriestrasse 29<br \/>\n72585 Riederich<br \/>\nContact person: Mr. Judas Florian<br \/>\nPhone: +49 (0)7123 \/ 9290-330<br \/>\nFax: +49 (0)7123 \/ 9290-329<br \/>\nMobile:+49 (0)157 \/ 333 51 333<br \/>\nEmail: info@regeba-technik.de<br \/>\nWebsite:\u00a0<a href=\"http:\/\/www.regeba-technik.de\/\">www.regeba-technik.de<\/a><\/td>\n<td><\/td>\n<\/tr>\n<tr>\n<td style=\"font-size: 125%; font-weight: bold; padding: 10px;\" colspan=\"3\">Spain<\/td>\n<\/tr>\n<tr>\n<td><img decoding=\"async\" loading=\"lazy\" class=\"alignnone size-full wp-image-1723\" src=\"https:\/\/www.baruffaldi.it\/wp-content\/uploads\/2017\/10\/es.jpg\" alt=\"\" width=\"580\" height=\"387\" \/><\/td>\n<td><strong>DAISA TECHNOLOGIC, S.L.<\/strong><br \/>\nUrdaneta Bidea 13 local 4<br \/>\n20800 ZARAUTZ (GIPUZKOA) &#8211; SPAIN<br \/>\nContact person: ALEXIS BUSOLLO<br \/>\nPhone: +34 943133739 &#8211; 943134044<br \/>\nFax: +34 943835012<br \/>\nE-mail: daisa@daisatechnologic.com<\/td>\n<td><\/td>\n<\/tr>\n<tr>\n<td style=\"font-size: 125%; font-weight: bold; padding: 10px;\" colspan=\"3\">India<\/td>\n<\/tr>\n<tr>\n<td><img decoding=\"async\" loading=\"lazy\" class=\"alignnone size-full wp-image-2204\" src=\"https:\/\/www.baruffaldi.it\/wp-content\/uploads\/2017\/10\/in.png\" alt=\"\" width=\"580\" height=\"387\" \/><\/td>\n<td><strong>ELECTRO TECNO<\/strong><br \/>\n162 8th Street, NSK Nagar Arumbakkam,<br \/>\n600106 Chennai, Tamil Nadu INDIA<br \/>\nContact person: Venkatesan Venugopal<br \/>\nPhone: +91 9444171277<br \/>\nPhone: +91 9677060977<br \/>\nE-mail: venkatesan@baruffaldi.it<br \/>\nE-mail: electrotecno_v@yahoo.com<br \/>\nWebsite: www.baruffaldi.it<\/td>\n<td><\/td>\n<\/tr>\n<\/tbody>\n<\/table>\n","protected":false},"excerpt":{"rendered":"<p>Baruffaldi verf\u00fcgt \u00fcber ein internationales Netzwerk an Vertretungen und Distributoren. Damit wird die bestm\u00f6gliche N\u00e4he zu unseren Kunden sichergestellt, um jederzeit kurzfristig auf die verschiedensten Bed\u00fcrfnisse eingehen zu k\u00f6nnen. &nbsp; &nbsp; Germany REGEBA GmbH Revolver &#8211; Getriebe &#8211; Baruffaldi Industriestrasse 29 72585 Riederich Contact person: Mr. Judas Florian Phone: +49 (0)7123 \/ 9290-330 Fax: +49 [&hellip;]<\/p>\n","protected":false},"author":1,"featured_media":0,"parent":0,"menu_order":0,"comment_status":"closed","ping_status":"closed","template":"","meta":[],"_links":{"self":[{"href":"https:\/\/www.baruffaldi.it\/de\/wp-json\/wp\/v2\/pages\/2873"}],"collection":[{"href":"https:\/\/www.baruffaldi.it\/de\/wp-json\/wp\/v2\/pages"}],"about":[{"href":"https:\/\/www.baruffaldi.it\/de\/wp-json\/wp\/v2\/types\/page"}],"author":[{"embeddable":true,"href":"https:\/\/www.baruffaldi.it\/de\/wp-json\/wp\/v2\/users\/1"}],"replies":[{"embeddable":true,"href":"https:\/\/www.baruffaldi.it\/de\/wp-json\/wp\/v2\/comments?post=2873"}],"version-history":[{"count":4,"href":"https:\/\/www.baruffaldi.it\/de\/wp-json\/wp\/v2\/pages\/2873\/revisions"}],"predecessor-version":[{"id":4460,"href":"https:\/\/www.baruffaldi.it\/de\/wp-json\/wp\/v2\/pages\/2873\/revisions\/4460"}],"wp:attachment":[{"href":"https:\/\/www.baruffaldi.it\/de\/wp-json\/wp\/v2\/media?parent=2873"}],"curies":[{"name":"wp","href":"https:\/\/api.w.org\/{rel}","templated":true}]}}